{"id":2192,"date":"2020-07-03T15:15:13","date_gmt":"2020-07-03T20:15:13","guid":{"rendered":"https:\/\/ancrageimmobilier.ca\/square-phillips\/"},"modified":"2022-09-12T11:14:53","modified_gmt":"2022-09-12T16:14:53","slug":"square-phillips","status":"publish","type":"page","link":"https:\/\/ancrageimmobilier.ca\/en\/square-phillips\/","title":{"rendered":"Square Phillips"},"content":{"rendered":"<div class=\"col-12\">\n<h2>Square Phillips<\/h2>\n<\/div>\n<div class=\"col-xs-12 col-md-8\">The condos, penthouses and super penthouses of Montreal\u2019s most prominent residential project; 1 Square Phillips are on sale now, The 220 meters; 61 storey tower is the tallest residential tower in Montreal and will be located in the heart of Place Phillips.<\/p>\n<h4>PHASE 1<\/h4>\n<p>The first tower will include more than five hundred 1 and 2 residential bedroom units , penthouses and super-penthouses. A luxury hotel will later be added to the project.<br \/>\nHigh-end common areas are built to suit a luxurious lifestyle.<\/p>\n<h4>MORE DETAILS:<\/h4>\n<p>Sales started: Fall 2019<\/p>\n<p>Expected completion date: 2024<\/p>\n<p>Architects: Menkes Shooner Dagenais LeTourneux Architects<\/p>\n<p>The Brivia Group real estate developer has announced that its entire real estate project, including Montreal\u2019s tallest residential tower at 1 Square Phillips, will cost 1 billion $.<\/p>\n<\/div>\n<div class=\"col-xs-12 col-md-4\">\n<h4>COMMON AREAS<\/h4>\n<p>Plus de 40 000 pieds carr\u00e9es d\u2019espaces r\u00e9serv\u00e9s aux propri\u00e9taires<\/p>\n<ul>\n<li>42 000 square feet of common areas<\/li>\n<li>Pool with fall<\/li>\n<li>Spa<\/li>\n<li>Gym and Yoga studio<\/li>\n<li>Lounge with a juice bar<\/li>\n<li>Terrace outside (50th floor)<\/li>\n<\/ul>\n<p><a class=\"buttons text-uppercase w-100\" href=\"https:\/\/www.google.com\/maps\/place\/1+Square+Phillips\/@45.5044747,-73.5710286,17z\/data=!3m1!4b1!4m5!3m4!1s0x4cc91b5ac93f1cd7:0xe9284af9060e0b4b!8m2!3d45.504471!4d-73.5688399\" target=\"_blank\" rel=\"noopener noreferrer\">View on Google Map<\/a><\/p>\n<p><!--\n\n<a href=\"https:\/\/www.1squarephillips.ca\/floor-plans\" target=\"_blank\" class=\"buttons text-uppercase w-100\" rel=\"noopener noreferrer\">View Floor Plan s<\/a>\n\n--><\/p>\n<\/div>\n","protected":false},"excerpt":{"rendered":"<p>Square Phillips The condos, penthouses and super penthouses of Montreal\u2019s most prominent residential project; 1 Square Phillips are on sale now, The 220 meters; 61 storey tower is the tallest residential tower in Montreal and will be located in the heart of Place Phillips. PHASE 1 The first tower will include more than five hundred [&hellip;]<\/p>\n","protected":false},"author":1,"featured_media":0,"parent":0,"menu_order":0,"comment_status":"closed","ping_status":"closed","template":"template-devs.php","meta":{"_acf_changed":false,"footnotes":""},"class_list":["post-2192","page","type-page","status-publish","hentry"],"acf":[],"yoast_head":"<!-- This site is optimized with the Yoast SEO plugin v25.3.1 - https:\/\/yoast.com\/wordpress\/plugins\/seo\/ -->\n<title>Square Phillips - Ancrage immobilier - Real Estate Team<\/title>\n<meta name=\"robots\" content=\"index, follow, max-snippet:-1, max-image-preview:large, max-video-preview:-1\" \/>\n<link rel=\"canonical\" href=\"https:\/\/ancrageimmobilier.ca\/en\/square-phillips\/\" \/>\n<meta property=\"og:locale\" content=\"en_US\" \/>\n<meta property=\"og:type\" content=\"article\" \/>\n<meta property=\"og:title\" content=\"Square Phillips - Ancrage immobilier - Real Estate Team\" \/>\n<meta property=\"og:description\" content=\"Square Phillips The condos, penthouses and super penthouses of Montreal\u2019s most prominent residential project; 1 Square Phillips are on sale now, The 220 meters; 61 storey tower is the tallest residential tower in Montreal and will be located in the heart of Place Phillips. PHASE 1 The first tower will include more than five hundred [&hellip;]\" \/>\n<meta property=\"og:url\" content=\"https:\/\/ancrageimmobilier.ca\/en\/square-phillips\/\" \/>\n<meta property=\"og:site_name\" content=\"Ancrage immobilier\" \/>\n<meta property=\"article:publisher\" content=\"https:\/\/www.facebook.com\/ancrageimmobilier\" \/>\n<meta property=\"article:modified_time\" content=\"2022-09-12T16:14:53+00:00\" \/>\n<meta property=\"og:image\" content=\"https:\/\/ancrageimmobilier.ca\/wp-content\/uploads\/2025\/06\/og.jpg\" \/>\n\t<meta property=\"og:image:width\" content=\"1860\" \/>\n\t<meta property=\"og:image:height\" content=\"930\" \/>\n\t<meta property=\"og:image:type\" content=\"image\/jpeg\" \/>\n<meta name=\"twitter:card\" content=\"summary_large_image\" \/>\n<meta name=\"twitter:label1\" content=\"Est. reading time\" \/>\n\t<meta name=\"twitter:data1\" content=\"1 minute\" \/>\n<script type=\"application\/ld+json\" class=\"yoast-schema-graph\">{\"@context\":\"https:\/\/schema.org\",\"@graph\":[{\"@type\":\"WebPage\",\"@id\":\"https:\/\/ancrageimmobilier.ca\/en\/square-phillips\/\",\"url\":\"https:\/\/ancrageimmobilier.ca\/en\/square-phillips\/\",\"name\":\"Square Phillips - Ancrage immobilier - Real Estate Team\",\"isPartOf\":{\"@id\":\"https:\/\/ancrageimmobilier.ca\/en\/#website\"},\"datePublished\":\"2020-07-03T20:15:13+00:00\",\"dateModified\":\"2022-09-12T16:14:53+00:00\",\"breadcrumb\":{\"@id\":\"https:\/\/ancrageimmobilier.ca\/en\/square-phillips\/#breadcrumb\"},\"inLanguage\":\"en-US\",\"potentialAction\":[{\"@type\":\"ReadAction\",\"target\":[\"https:\/\/ancrageimmobilier.ca\/en\/square-phillips\/\"]}]},{\"@type\":\"BreadcrumbList\",\"@id\":\"https:\/\/ancrageimmobilier.ca\/en\/square-phillips\/#breadcrumb\",\"itemListElement\":[{\"@type\":\"ListItem\",\"position\":1,\"name\":\"Home\",\"item\":\"https:\/\/ancrageimmobilier.ca\/en\/\"},{\"@type\":\"ListItem\",\"position\":2,\"name\":\"Square Phillips\"}]},{\"@type\":\"WebSite\",\"@id\":\"https:\/\/ancrageimmobilier.ca\/en\/#website\",\"url\":\"https:\/\/ancrageimmobilier.ca\/en\/\",\"name\":\"Ancrage immobilier\",\"description\":\"Real Estate Team\",\"publisher\":{\"@id\":\"https:\/\/ancrageimmobilier.ca\/en\/#organization\"},\"potentialAction\":[{\"@type\":\"SearchAction\",\"target\":{\"@type\":\"EntryPoint\",\"urlTemplate\":\"https:\/\/ancrageimmobilier.ca\/en\/?s={search_term_string}\"},\"query-input\":{\"@type\":\"PropertyValueSpecification\",\"valueRequired\":true,\"valueName\":\"search_term_string\"}}],\"inLanguage\":\"en-US\"},{\"@type\":\"Organization\",\"@id\":\"https:\/\/ancrageimmobilier.ca\/en\/#organization\",\"name\":\"Ancrage immobilier\",\"url\":\"https:\/\/ancrageimmobilier.ca\/en\/\",\"logo\":{\"@type\":\"ImageObject\",\"inLanguage\":\"en-US\",\"@id\":\"https:\/\/ancrageimmobilier.ca\/en\/#\/schema\/logo\/image\/\",\"url\":\"https:\/\/ancrageimmobilier.ca\/wp-content\/uploads\/2025\/06\/ancrage-immobilier-dark.png\",\"contentUrl\":\"https:\/\/ancrageimmobilier.ca\/wp-content\/uploads\/2025\/06\/ancrage-immobilier-dark.png\",\"width\":300,\"height\":231,\"caption\":\"Ancrage immobilier\"},\"image\":{\"@id\":\"https:\/\/ancrageimmobilier.ca\/en\/#\/schema\/logo\/image\/\"},\"sameAs\":[\"https:\/\/www.facebook.com\/ancrageimmobilier\",\"https:\/\/www.instagram.com\/ancrageimmobillier\/\"]}]}<\/script>\n<!-- \/ Yoast SEO plugin. -->","yoast_head_json":{"title":"Square Phillips - Ancrage immobilier - Real Estate Team","robots":{"index":"index","follow":"follow","max-snippet":"max-snippet:-1","max-image-preview":"max-image-preview:large","max-video-preview":"max-video-preview:-1"},"canonical":"https:\/\/ancrageimmobilier.ca\/en\/square-phillips\/","og_locale":"en_US","og_type":"article","og_title":"Square Phillips - Ancrage immobilier - Real Estate Team","og_description":"Square Phillips The condos, penthouses and super penthouses of Montreal\u2019s most prominent residential project; 1 Square Phillips are on sale now, The 220 meters; 61 storey tower is the tallest residential tower in Montreal and will be located in the heart of Place Phillips. PHASE 1 The first tower will include more than five hundred [&hellip;]","og_url":"https:\/\/ancrageimmobilier.ca\/en\/square-phillips\/","og_site_name":"Ancrage immobilier","article_publisher":"https:\/\/www.facebook.com\/ancrageimmobilier","article_modified_time":"2022-09-12T16:14:53+00:00","og_image":[{"width":1860,"height":930,"url":"https:\/\/ancrageimmobilier.ca\/wp-content\/uploads\/2025\/06\/og.jpg","type":"image\/jpeg"}],"twitter_card":"summary_large_image","twitter_misc":{"Est. reading time":"1 minute"},"schema":{"@context":"https:\/\/schema.org","@graph":[{"@type":"WebPage","@id":"https:\/\/ancrageimmobilier.ca\/en\/square-phillips\/","url":"https:\/\/ancrageimmobilier.ca\/en\/square-phillips\/","name":"Square Phillips - Ancrage immobilier - Real Estate Team","isPartOf":{"@id":"https:\/\/ancrageimmobilier.ca\/en\/#website"},"datePublished":"2020-07-03T20:15:13+00:00","dateModified":"2022-09-12T16:14:53+00:00","breadcrumb":{"@id":"https:\/\/ancrageimmobilier.ca\/en\/square-phillips\/#breadcrumb"},"inLanguage":"en-US","potentialAction":[{"@type":"ReadAction","target":["https:\/\/ancrageimmobilier.ca\/en\/square-phillips\/"]}]},{"@type":"BreadcrumbList","@id":"https:\/\/ancrageimmobilier.ca\/en\/square-phillips\/#breadcrumb","itemListElement":[{"@type":"ListItem","position":1,"name":"Home","item":"https:\/\/ancrageimmobilier.ca\/en\/"},{"@type":"ListItem","position":2,"name":"Square Phillips"}]},{"@type":"WebSite","@id":"https:\/\/ancrageimmobilier.ca\/en\/#website","url":"https:\/\/ancrageimmobilier.ca\/en\/","name":"Ancrage immobilier","description":"Real Estate Team","publisher":{"@id":"https:\/\/ancrageimmobilier.ca\/en\/#organization"},"potentialAction":[{"@type":"SearchAction","target":{"@type":"EntryPoint","urlTemplate":"https:\/\/ancrageimmobilier.ca\/en\/?s={search_term_string}"},"query-input":{"@type":"PropertyValueSpecification","valueRequired":true,"valueName":"search_term_string"}}],"inLanguage":"en-US"},{"@type":"Organization","@id":"https:\/\/ancrageimmobilier.ca\/en\/#organization","name":"Ancrage immobilier","url":"https:\/\/ancrageimmobilier.ca\/en\/","logo":{"@type":"ImageObject","inLanguage":"en-US","@id":"https:\/\/ancrageimmobilier.ca\/en\/#\/schema\/logo\/image\/","url":"https:\/\/ancrageimmobilier.ca\/wp-content\/uploads\/2025\/06\/ancrage-immobilier-dark.png","contentUrl":"https:\/\/ancrageimmobilier.ca\/wp-content\/uploads\/2025\/06\/ancrage-immobilier-dark.png","width":300,"height":231,"caption":"Ancrage immobilier"},"image":{"@id":"https:\/\/ancrageimmobilier.ca\/en\/#\/schema\/logo\/image\/"},"sameAs":["https:\/\/www.facebook.com\/ancrageimmobilier","https:\/\/www.instagram.com\/ancrageimmobillier\/"]}]}},"_links":{"self":[{"href":"https:\/\/ancrageimmobilier.ca\/en\/wp-json\/wp\/v2\/pages\/2192","targetHints":{"allow":["GET"]}}],"collection":[{"href":"https:\/\/ancrageimmobilier.ca\/en\/wp-json\/wp\/v2\/pages"}],"about":[{"href":"https:\/\/ancrageimmobilier.ca\/en\/wp-json\/wp\/v2\/types\/page"}],"author":[{"embeddable":true,"href":"https:\/\/ancrageimmobilier.ca\/en\/wp-json\/wp\/v2\/users\/1"}],"replies":[{"embeddable":true,"href":"https:\/\/ancrageimmobilier.ca\/en\/wp-json\/wp\/v2\/comments?post=2192"}],"version-history":[{"count":7,"href":"https:\/\/ancrageimmobilier.ca\/en\/wp-json\/wp\/v2\/pages\/2192\/revisions"}],"predecessor-version":[{"id":4272,"href":"https:\/\/ancrageimmobilier.ca\/en\/wp-json\/wp\/v2\/pages\/2192\/revisions\/4272"}],"wp:attachment":[{"href":"https:\/\/ancrageimmobilier.ca\/en\/wp-json\/wp\/v2\/media?parent=2192"}],"curies":[{"name":"wp","href":"https:\/\/api.w.org\/{rel}","templated":true}]}}